{"id":3979,"date":"2025-09-23T09:26:22","date_gmt":"2025-09-23T07:26:22","guid":{"rendered":"https:\/\/scope.ch\/impressum\/"},"modified":"2026-02-10T17:33:24","modified_gmt":"2026-02-10T16:33:24","slug":"imprint","status":"publish","type":"page","link":"https:\/\/scope.ch\/en\/imprint\/","title":{"rendered":"Imprint"},"content":{"rendered":"<div class=\"wpb-content-wrapper\">[vc_section full_width=&#8221;stretch_row&#8221;][vc_row row_title=&#8221;Zentrierte \u00dcberschrift mit Introtext und Button&#8221; el_class=&#8221;wpex-text-center&#8221;][vc_column width=&#8221;5\/6&#8243; offset=&#8221;vc_col-lg-offset-2 vc_col-lg-8 vc_col-sm-offset-1&#8243;]<span class=\"vcex-heading vcex-heading-plain vcex-module wpex-heading wpex-text-2xl\"><span class=\"vcex-heading-inner wpex-inline-block\">Legal<\/span><\/span><h1 class=\"vcex-heading vcex-heading-plain vcex-module wpex-text-balance wpex-heading wpex-text-2xl\"><span class=\"vcex-heading-inner wpex-inline-block\"><span class=\"wpex-span\">Imprint<\/span> of scope solutions AG.<\/span><\/h1><div class=\"vcex-flex-container vcex-module wpex-flex wpex-gap-20 wpex-flex-wrap wpex-items-center wpex-justify-center filterbuttons\"><a href=\"#verantwortlich\" class=\"vcex-button theme-button active inline wpex-toggle-element-trigger\" aria-controls=\"verantwortlich\" aria-expanded=\"true\" aria-label=\"Show responsible authority of scope solutions AG\"><span class=\"vcex-button-inner theme-button-inner wpex-flex wpex-flex-wrap wpex-items-center wpex-justify-center\"><span class=\"theme-button-text\">Responsible authority<\/span><\/span><\/a> <a href=\"#webdesign\" class=\"vcex-button theme-button inline wpex-toggle-element-trigger\" aria-controls=\"webdesign\" aria-expanded=\"false\" aria-label=\"View the implementation of the web design by scope solutions AG\"><span class=\"vcex-button-inner theme-button-inner wpex-flex wpex-flex-wrap wpex-items-center wpex-justify-center\"><span class=\"theme-button-text\">Website implementation<\/span><\/span><\/a> <\/div>[\/vc_column][\/vc_row][vc_row visibility=&#8221;visible-toggle-element-persist&#8221; row_title=&#8221;Sichtbares Filter-Element: Verantwortliche Instanz&#8221; el_id=&#8221;verantwortlich&#8221;][vc_column width=&#8221;2\/3&#8243; offset=&#8221;vc_col-lg-offset-4 vc_col-lg-4 vc_col-md-offset-3 vc_col-md-6 vc_col-sm-offset-2&#8243;]<h2 class=\"vcex-heading vcex-heading-plain vcex-module wpex-text-balance wpex-heading wpex-text-2xl\"><span class=\"vcex-heading-inner wpex-inline-block\">scope solutions AG<\/span><\/h2>[vc_widget_sidebar sidebar_id=&#8221;impressum-kontakt-verantwortliche-instanz&#8221;][vc_column_text css=&#8221;&#8221;]scope solutions AG is registered in the <a href=\"https:\/\/bs.chregister.ch\/cr-portal\/auszug\/auszug.xhtml?uid=CHE-105.678.859\" target=\"_blank\" rel=\"noopener nofollow\" aria-label=\"scope solutions AG im Handelsregister ansehen\">Handelsregister des Kantons Basel-Stadt<\/a> <a href=\"https:\/\/www.uid.admin.ch\/Detail.aspx?uid_id=CHE-105.678.859\" target=\"_blank\" rel=\"noopener nofollow\" aria-label=\"scope solutions AG im UID-Register ansehen\">(UID CHE-105.678.859)<\/a> and is represented by Falk V\u00e4lte-M\u00fcller, Managing Director, and Terence Schr\u00f6der, Business Unit Manager. The Swiss VAT number is CHE-105.678.859 MWST.[\/vc_column_text][\/vc_column][\/vc_row][vc_row visibility=&#8221;hidden-toggle-element-persist&#8221; row_title=&#8221;Verstecktes Filter-Element: Webdesign&#8221; el_id=&#8221;webdesign&#8221;][vc_column width=&#8221;2\/3&#8243; offset=&#8221;vc_col-lg-offset-4 vc_col-lg-4 vc_col-md-offset-3 vc_col-md-6 vc_col-sm-offset-2&#8243;]<h2 class=\"vcex-heading vcex-heading-plain vcex-module wpex-text-balance wpex-heading wpex-text-2xl\"><a href=\"https:\/\/diener.design\" class=\"wpex-no-underline\" target=\"_blank\" rel=\"noopener noreferrer nofollow\"><span class=\"vcex-heading-inner wpex-inline-block\">Diener Design<\/span><\/a><\/h2>[vc_widget_sidebar sidebar_id=&#8221;kontakt-webdesign&#8221;][\/vc_column][\/vc_row][\/vc_section]\n<\/div>","protected":false},"excerpt":{"rendered":"<p>[vc_section full_width=&#8221;stretch_row&#8221;][vc_row row_title=&#8221;Zentrierte \u00dcberschrift mit Introtext und Button&#8221; el_class=&#8221;wpex-text-center&#8221;][vc_column width=&#8221;5\/6&#8243; offset=&#8221;vc_col-lg-offset-2 vc_col-lg-8 vc_col-sm-offset-1&#8243;][\/vc_column][\/vc_row][vc_row visibility=&#8221;visible-toggle-element-persist&#8221; row_title=&#8221;Sichtbares Filter-Element: Verantwortliche Instanz&#8221; el_id=&#8221;verantwortlich&#8221;][vc_column width=&#8221;2\/3&#8243; offset=&#8221;vc_col-lg-offset-4 vc_col-lg-4 vc_col-md-offset-3 vc_col-md-6 vc_col-sm-offset-2&#8243;][vc_widget_sidebar sidebar_id=&#8221;impressum-kontakt-verantwortliche-instanz&#8221;][vc_column_text css=&#8221;&#8221;]scope solutions AG is registered in the Handelsregister des Kantons Basel-Stadt (UID CHE-105.678.859) and is represented by Falk V\u00e4lte-M\u00fcller, Managing Director, and Terence Schr\u00f6der, Business Unit Manager. The Swiss&hellip;<\/p>\n","protected":false},"author":1,"featured_media":0,"parent":0,"menu_order":0,"comment_status":"closed","ping_status":"closed","template":"templates\/no-sidebar.php","meta":{"_acf_changed":false,"footnotes":""},"categories":[],"tags":[],"class_list":["post-3979","page","type-page","status-publish","hentry","entry","no-media"],"acf":[],"_links":{"self":[{"href":"https:\/\/scope.ch\/en\/wp-json\/wp\/v2\/pages\/3979","targetHints":{"allow":["GET"]}}],"collection":[{"href":"https:\/\/scope.ch\/en\/wp-json\/wp\/v2\/pages"}],"about":[{"href":"https:\/\/scope.ch\/en\/wp-json\/wp\/v2\/types\/page"}],"author":[{"embeddable":true,"href":"https:\/\/scope.ch\/en\/wp-json\/wp\/v2\/users\/1"}],"replies":[{"embeddable":true,"href":"https:\/\/scope.ch\/en\/wp-json\/wp\/v2\/comments?post=3979"}],"version-history":[{"count":2,"href":"https:\/\/scope.ch\/en\/wp-json\/wp\/v2\/pages\/3979\/revisions"}],"predecessor-version":[{"id":4567,"href":"https:\/\/scope.ch\/en\/wp-json\/wp\/v2\/pages\/3979\/revisions\/4567"}],"wp:attachment":[{"href":"https:\/\/scope.ch\/en\/wp-json\/wp\/v2\/media?parent=3979"}],"wp:term":[{"taxonomy":"category","embeddable":true,"href":"https:\/\/scope.ch\/en\/wp-json\/wp\/v2\/categories?post=3979"},{"taxonomy":"post_tag","embeddable":true,"href":"https:\/\/scope.ch\/en\/wp-json\/wp\/v2\/tags?post=3979"}],"curies":[{"name":"wp","href":"https:\/\/api.w.org\/{rel}","templated":true}]}}